{"id":1601,"date":"2025-09-29T20:00:29","date_gmt":"2025-09-29T18:00:29","guid":{"rendered":"https:\/\/tevipa.com\/blog\/?page_id=1601"},"modified":"2025-10-05T10:18:19","modified_gmt":"2025-10-05T08:18:19","slug":"homeca","status":"publish","type":"page","link":"https:\/\/tevipa.com\/blog\/ca\/homeca\/","title":{"rendered":"homeCa"},"content":{"rendered":"<div class=\"wp-block-image\">\n<figure class=\"aligncenter is-resized\"><img decoding=\"async\" src=\"https:\/\/tevipa.com\/blog\/wp-content\/uploads\/2025\/07\/cropped-logo512.png\" alt=\"Icona del sito\" style=\"width:140px;height:auto\"\/><\/figure>\n<\/div>\n\n\n<h1 class=\"wp-block-heading has-text-align-center has-large-font-size\">\u00daltims articles<\/h1>\n\n\n<style>.wp-block-kadence-spacer.kt-block-spacer-1601_aac0d6-f7 .kt-block-spacer{height:60px;}.wp-block-kadence-spacer.kt-block-spacer-1601_aac0d6-f7 .kt-divider{border-top-width:1px;height:1px;border-top-color:#eee;width:80%;border-top-style:solid;}<\/style>\n<div class=\"wp-block-kadence-spacer aligncenter kt-block-spacer-1601_aac0d6-f7\"><div class=\"kt-block-spacer kt-block-spacer-halign-center\"><hr class=\"kt-divider\"\/><\/div><\/div>\n\n\n<ul class=\"wp-block-latest-posts__list is-grid columns-3 wp-block-latest-posts\"><li><div class=\"wp-block-latest-posts__featured-image alignleft\"><img loading=\"lazy\" decoding=\"async\" width=\"1024\" height=\"576\" src=\"https:\/\/tevipa.com\/blog\/wp-content\/uploads\/2026\/04\/BPA011_CA-1024x576.png\" class=\"attachment-large size-large wp-post-image\" alt=\"Portada de l\u2019article sobre la ca\u00e7adora amb el t\u00edtol classificaci\u00f3 i l\u00f2gica de patronatge i element gr\u00e0fic met\u00e0l\u00b7lic sobre fons fosc\" style=\"\" srcset=\"https:\/\/tevipa.com\/blog\/wp-content\/uploads\/2026\/04\/BPA011_CA-1024x576.png 1024w, https:\/\/tevipa.com\/blog\/wp-content\/uploads\/2026\/04\/BPA011_CA-300x169.png 300w, https:\/\/tevipa.com\/blog\/wp-content\/uploads\/2026\/04\/BPA011_CA-768x432.png 768w, https:\/\/tevipa.com\/blog\/wp-content\/uploads\/2026\/04\/BPA011_CA-1536x864.png 1536w, https:\/\/tevipa.com\/blog\/wp-content\/uploads\/2026\/04\/BPA011_CA-2048x1152.png 2048w, https:\/\/tevipa.com\/blog\/wp-content\/uploads\/2026\/04\/BPA011_CA-1320x743.png 1320w\" sizes=\"auto, (max-width: 1024px) 100vw, 1024px\" \/><\/div><a class=\"wp-block-latest-posts__post-title\" href=\"https:\/\/tevipa.com\/blog\/ca\/cacadores-classificacio-i-logica-de-patronatge\/\">Ca\u00e7adores &#8211; classificaci\u00f3 i l\u00f2gica de patronatge<\/a><div class=\"wp-block-latest-posts__post-excerpt\">La ca\u00e7adora es construeix a partir d\u2019un patr\u00f3 base que en defineix el comportament. La relaci\u00f3 entre el cos i el tra\u00e7at permet establir proporcions, l\u00ednies i folgan\u00e7a que determinen com la pe\u00e7a s\u2019adapta, es mou o es regula.\n\nA partir d\u2019aquesta base comuna es poden desenvolupar diferents tipus de ca\u00e7adores \u2014de les m\u00e9s t\u00e8cniques a les m\u00e9s estructurades\u2014 mantenint una l\u00f2gica coherent de patronatge.<\/div><\/li>\n<li><div class=\"wp-block-latest-posts__featured-image alignleft\"><img loading=\"lazy\" decoding=\"async\" width=\"1024\" height=\"576\" src=\"https:\/\/tevipa.com\/blog\/wp-content\/uploads\/2026\/03\/BPA010_CA-1024x576.png\" class=\"attachment-large size-large wp-post-image\" alt=\"Patr\u00f3 base de la ca\u00e7adora pas a pas amb tra\u00e7at del cos i la m\u00e0niga\" style=\"\" srcset=\"https:\/\/tevipa.com\/blog\/wp-content\/uploads\/2026\/03\/BPA010_CA-1024x576.png 1024w, https:\/\/tevipa.com\/blog\/wp-content\/uploads\/2026\/03\/BPA010_CA-300x169.png 300w, https:\/\/tevipa.com\/blog\/wp-content\/uploads\/2026\/03\/BPA010_CA-768x432.png 768w, https:\/\/tevipa.com\/blog\/wp-content\/uploads\/2026\/03\/BPA010_CA-1536x864.png 1536w, https:\/\/tevipa.com\/blog\/wp-content\/uploads\/2026\/03\/BPA010_CA-2048x1152.png 2048w, https:\/\/tevipa.com\/blog\/wp-content\/uploads\/2026\/03\/BPA010_CA-1320x743.png 1320w\" sizes=\"auto, (max-width: 1024px) 100vw, 1024px\" \/><\/div><a class=\"wp-block-latest-posts__post-title\" href=\"https:\/\/tevipa.com\/blog\/ca\/patro-base-de-la-cacadora\/\">Patr\u00f3 base de la ca\u00e7adora<\/a><div class=\"wp-block-latest-posts__post-excerpt\">Construcci\u00f3 del patr\u00f3 base de la ca\u00e7adora a partir d\u2019un sistema estructurat que relaciona mesures del cos, proporcions i geometria del tra\u00e7at. Es desenvolupen les mesures necess\u00e0ries, la seva deducci\u00f3 a partir del mig contorn de pit i l\u2019organitzaci\u00f3 completa del patr\u00f3: l\u00ednies de construcci\u00f3, peces, costures i fils rectes. Inclou tamb\u00e9 la l\u00f2gica del rectangle de sisa i del rectangle de m\u00e0niga com a base del sistema. Un m\u00e8tode reprodu\u00efble que permet desenvolupar qualsevol tipus de ca\u00e7adora amb precisi\u00f3 t\u00e8cnica.<\/div><\/li>\n<li><div class=\"wp-block-latest-posts__featured-image alignleft\"><img loading=\"lazy\" decoding=\"async\" width=\"1024\" height=\"576\" src=\"https:\/\/tevipa.com\/blog\/wp-content\/uploads\/2026\/03\/BPA009_CA-1024x576.png\" class=\"attachment-large size-large wp-post-image\" alt=\"gorro de pescador bucket hat patronatge barrets Tele Virtual Patronage\" style=\"\" srcset=\"https:\/\/tevipa.com\/blog\/wp-content\/uploads\/2026\/03\/BPA009_CA-1024x576.png 1024w, https:\/\/tevipa.com\/blog\/wp-content\/uploads\/2026\/03\/BPA009_CA-300x169.png 300w, https:\/\/tevipa.com\/blog\/wp-content\/uploads\/2026\/03\/BPA009_CA-768x432.png 768w, https:\/\/tevipa.com\/blog\/wp-content\/uploads\/2026\/03\/BPA009_CA-1536x864.png 1536w, https:\/\/tevipa.com\/blog\/wp-content\/uploads\/2026\/03\/BPA009_CA-2048x1152.png 2048w, https:\/\/tevipa.com\/blog\/wp-content\/uploads\/2026\/03\/BPA009_CA-1320x743.png 1320w\" sizes=\"auto, (max-width: 1024px) 100vw, 1024px\" \/><\/div><a class=\"wp-block-latest-posts__post-title\" href=\"https:\/\/tevipa.com\/blog\/ca\/el-barret-de-pescador\/\">El barret de pescador<\/a><div class=\"wp-block-latest-posts__post-excerpt\">El barret de pescador \u2014conegut internacionalment com a bucket hat\u2014 \u00e9s un barret de copa tova amb ala inclinada cap avall. En aquest article analitzem l\u2019origen d\u2019aquesta pe\u00e7a, la seva estructura geom\u00e8trica i el sistema de patronatge que permet construir-la a partir de les mesures del cap.<\/div><\/li>\n<li><div class=\"wp-block-latest-posts__featured-image alignleft\"><img loading=\"lazy\" decoding=\"async\" width=\"1024\" height=\"576\" src=\"https:\/\/tevipa.com\/blog\/wp-content\/uploads\/2026\/03\/BPA008_CA-1024x576.png\" class=\"attachment-large size-large wp-post-image\" alt=\"Boina constru\u00efda mitjan\u00e7ant un sistema param\u00e8tric de patronatge basat en proporcions geom\u00e8triques.\" style=\"\" srcset=\"https:\/\/tevipa.com\/blog\/wp-content\/uploads\/2026\/03\/BPA008_CA-1024x576.png 1024w, https:\/\/tevipa.com\/blog\/wp-content\/uploads\/2026\/03\/BPA008_CA-300x169.png 300w, https:\/\/tevipa.com\/blog\/wp-content\/uploads\/2026\/03\/BPA008_CA-768x432.png 768w, https:\/\/tevipa.com\/blog\/wp-content\/uploads\/2026\/03\/BPA008_CA-1536x864.png 1536w, https:\/\/tevipa.com\/blog\/wp-content\/uploads\/2026\/03\/BPA008_CA-2048x1152.png 2048w, https:\/\/tevipa.com\/blog\/wp-content\/uploads\/2026\/03\/BPA008_CA-1320x743.png 1320w\" sizes=\"auto, (max-width: 1024px) 100vw, 1024px\" \/><\/div><a class=\"wp-block-latest-posts__post-title\" href=\"https:\/\/tevipa.com\/blog\/ca\/la-boina-2\/\">La boina<\/a><div class=\"wp-block-latest-posts__post-excerpt\">La boina \u00e9s una pe\u00e7a de cap tradicional la qual estructura pot descriure\u2019s mitjan\u00e7ant una geometria molt simple: la relaci\u00f3 entre un volum exterior i un buit interior que determina l\u2019ajust sobre el cap. A partir d\u2019aquesta idea es desenvolupa un sistema param\u00e8tric de construcci\u00f3 basat en el contorn del cap, l\u2019\u00edndex d\u2019ovalitat cranial i la relaci\u00f3 entre el plat, el vol i el buit interior. Aquest sistema permet generar patrons de boina adaptables a diferents talles, proporcions cranials i variants de disseny.<\/div><\/li>\n<li><div class=\"wp-block-latest-posts__featured-image alignleft\"><img loading=\"lazy\" decoding=\"async\" width=\"1024\" height=\"576\" src=\"https:\/\/tevipa.com\/blog\/wp-content\/uploads\/2026\/02\/BPA007_CA-1024x576.png\" class=\"attachment-large size-large wp-post-image\" alt=\"Portada del post Gorra de beisbol BPA007 de Tele Virtual Patronatge\" style=\"\" srcset=\"https:\/\/tevipa.com\/blog\/wp-content\/uploads\/2026\/02\/BPA007_CA-1024x576.png 1024w, https:\/\/tevipa.com\/blog\/wp-content\/uploads\/2026\/02\/BPA007_CA-300x169.png 300w, https:\/\/tevipa.com\/blog\/wp-content\/uploads\/2026\/02\/BPA007_CA-768x432.png 768w, https:\/\/tevipa.com\/blog\/wp-content\/uploads\/2026\/02\/BPA007_CA-1536x864.png 1536w, https:\/\/tevipa.com\/blog\/wp-content\/uploads\/2026\/02\/BPA007_CA-2048x1152.png 2048w, https:\/\/tevipa.com\/blog\/wp-content\/uploads\/2026\/02\/BPA007_CA-1320x743.png 1320w\" sizes=\"auto, (max-width: 1024px) 100vw, 1024px\" \/><\/div><a class=\"wp-block-latest-posts__post-title\" href=\"https:\/\/tevipa.com\/blog\/ca\/la-gorra-de-beisbol\/\">La gorra de beisbol<\/a><div class=\"wp-block-latest-posts__post-excerpt\">An\u00e0lisi t\u00e8cnica i geom\u00e8trica de la gorra de beisbol: definici\u00f3 de les parts constructives, sistema proporcional d\u2019al\u00e7ades de la corona, construcci\u00f3 matem\u00e0tica dels panells, c\u00e0lcul prec\u00eds de la visera i escalat coherent per a totes les talles. Un enfocament estructural que integra patronatge i proporci\u00f3.<\/div><\/li>\n<li><div class=\"wp-block-latest-posts__featured-image alignleft\"><img loading=\"lazy\" decoding=\"async\" width=\"1024\" height=\"576\" src=\"https:\/\/tevipa.com\/blog\/wp-content\/uploads\/2026\/02\/BPA006_CA-1024x576.png\" class=\"attachment-large size-large wp-post-image\" alt=\"Imatge de portada del patr\u00f3 del pantal\u00f3 xandall de dues peces\" style=\"\" srcset=\"https:\/\/tevipa.com\/blog\/wp-content\/uploads\/2026\/02\/BPA006_CA-1024x576.png 1024w, https:\/\/tevipa.com\/blog\/wp-content\/uploads\/2026\/02\/BPA006_CA-300x169.png 300w, https:\/\/tevipa.com\/blog\/wp-content\/uploads\/2026\/02\/BPA006_CA-768x432.png 768w, https:\/\/tevipa.com\/blog\/wp-content\/uploads\/2026\/02\/BPA006_CA-1536x864.png 1536w, https:\/\/tevipa.com\/blog\/wp-content\/uploads\/2026\/02\/BPA006_CA-2048x1152.png 2048w, https:\/\/tevipa.com\/blog\/wp-content\/uploads\/2026\/02\/BPA006_CA-1320x743.png 1320w\" sizes=\"auto, (max-width: 1024px) 100vw, 1024px\" \/><\/div><a class=\"wp-block-latest-posts__post-title\" href=\"https:\/\/tevipa.com\/blog\/ca\/patro-del-pantalo-xandall-de-dues-peces\/\">Patr\u00f3 del pantal\u00f3 xandall de dues peces<\/a><div class=\"wp-block-latest-posts__post-excerpt\">Patr\u00f3 del pantal\u00f3 xandall de dues peces basat en les mateixes mides i holgures que el model d\u2019una sola pe\u00e7a, per\u00f2 amb una construcci\u00f3 diferent de la cama.\nLa disposici\u00f3 del recte fil al davant i al darrere permet definir millor les perneres i diferenciar les parts inferiors de la cama.\nUna base molt utilitzada en pantalons informals, esportius, bermudes i shorts.\n<\/div><\/li>\n<li><div class=\"wp-block-latest-posts__featured-image alignleft\"><img loading=\"lazy\" decoding=\"async\" width=\"1024\" height=\"576\" src=\"https:\/\/tevipa.com\/blog\/wp-content\/uploads\/2026\/02\/BTR004_CA-1-1024x576.png\" class=\"attachment-large size-large wp-post-image\" alt=\"Pantalons tear-away amb obertura lateral mitjan\u00e7ant botons de pressi\u00f3\" style=\"\" srcset=\"https:\/\/tevipa.com\/blog\/wp-content\/uploads\/2026\/02\/BTR004_CA-1-1024x576.png 1024w, https:\/\/tevipa.com\/blog\/wp-content\/uploads\/2026\/02\/BTR004_CA-1-300x169.png 300w, https:\/\/tevipa.com\/blog\/wp-content\/uploads\/2026\/02\/BTR004_CA-1-768x432.png 768w, https:\/\/tevipa.com\/blog\/wp-content\/uploads\/2026\/02\/BTR004_CA-1-1536x864.png 1536w, https:\/\/tevipa.com\/blog\/wp-content\/uploads\/2026\/02\/BTR004_CA-1-2048x1152.png 2048w, https:\/\/tevipa.com\/blog\/wp-content\/uploads\/2026\/02\/BTR004_CA-1-1320x743.png 1320w\" sizes=\"auto, (max-width: 1024px) 100vw, 1024px\" \/><\/div><a class=\"wp-block-latest-posts__post-title\" href=\"https:\/\/tevipa.com\/blog\/ca\/tear-away-pantalons\/\">Tear-away pantalons<\/a><div class=\"wp-block-latest-posts__post-excerpt\">\u201cTear-away\u201d pantalons Transformaci\u00f3 del pantal\u00f3 de xandall d\u2019una sola pe\u00e7a Descripci\u00f3 dels \u201ctear-away\u201d pantalons El terme angl\u00e8s tear-away pants significa literalment \u201cpantalons que s\u2019obren de cop\u201d, en refer\u00e8ncia al sistema d\u2019obertura lateral completa que permet retirar la pe\u00e7a sense haver-la&#8230;<\/div><\/li>\n<li><div class=\"wp-block-latest-posts__featured-image alignleft\"><img loading=\"lazy\" decoding=\"async\" width=\"1024\" height=\"576\" src=\"https:\/\/tevipa.com\/blog\/wp-content\/uploads\/2026\/01\/BPA005_CA-1024x576.png\" class=\"attachment-large size-large wp-post-image\" alt=\"Car\u00e0tula del patr\u00f3 del pantal\u00f3 xandall d\u2019una sola pe\u00e7a\" style=\"\" srcset=\"https:\/\/tevipa.com\/blog\/wp-content\/uploads\/2026\/01\/BPA005_CA-1024x576.png 1024w, https:\/\/tevipa.com\/blog\/wp-content\/uploads\/2026\/01\/BPA005_CA-300x169.png 300w, https:\/\/tevipa.com\/blog\/wp-content\/uploads\/2026\/01\/BPA005_CA-768x432.png 768w, https:\/\/tevipa.com\/blog\/wp-content\/uploads\/2026\/01\/BPA005_CA-1536x864.png 1536w, https:\/\/tevipa.com\/blog\/wp-content\/uploads\/2026\/01\/BPA005_CA-2048x1152.png 2048w, https:\/\/tevipa.com\/blog\/wp-content\/uploads\/2026\/01\/BPA005_CA-1320x743.png 1320w\" sizes=\"auto, (max-width: 1024px) 100vw, 1024px\" \/><\/div><a class=\"wp-block-latest-posts__post-title\" href=\"https:\/\/tevipa.com\/blog\/ca\/patro-del-pantalo-de-xandall-duna-sola-peca\/\">Patr\u00f3 del pantal\u00f3 de xandall d\u2019una sola pe\u00e7a<\/a><div class=\"wp-block-latest-posts__post-excerpt\">Aquest article explica el patr\u00f3 del pantal\u00f3 de xandall d\u2019una sola pe\u00e7a, una construcci\u00f3 senzilla i poc estructurada emprada en peces d\u2019\u00fas casual, esportiu i funcional. S\u2019hi descriuen les seves caracter\u00edstiques, els teixits habituals i la posici\u00f3 de la cintura.\nEl text desenvolupa les mesures necess\u00e0ries per al tra\u00e7at, destacant el paper del mig contorn de maluc i del muntant assegut, aix\u00ed com el sistema de deducci\u00f3 de les altres dimensions. Es comparen aquestes proporcions amb les dels pantalons m\u00e9s estructurats.\nTamb\u00e9 s\u2019analitzen les holgures horitzontals i verticals, la seva relaci\u00f3 i la influ\u00e8ncia sobre la forquilla i el baix de la cameta. Finalment, s\u2019explica la posici\u00f3 del dret fil i la seva aplicaci\u00f3 tant en morfologia masculina com femenina.<\/div><\/li>\n<li><div class=\"wp-block-latest-posts__featured-image alignleft\"><img loading=\"lazy\" decoding=\"async\" width=\"1024\" height=\"576\" src=\"https:\/\/tevipa.com\/blog\/wp-content\/uploads\/2026\/01\/BME004_CA-1024x576.png\" class=\"attachment-large size-large wp-post-image\" alt=\"El cos de l\u2019home i de la dona en patronatge, morfologia i proporcions del cos hum\u00e0\" style=\"\" srcset=\"https:\/\/tevipa.com\/blog\/wp-content\/uploads\/2026\/01\/BME004_CA-1024x576.png 1024w, https:\/\/tevipa.com\/blog\/wp-content\/uploads\/2026\/01\/BME004_CA-300x169.png 300w, https:\/\/tevipa.com\/blog\/wp-content\/uploads\/2026\/01\/BME004_CA-768x432.png 768w, https:\/\/tevipa.com\/blog\/wp-content\/uploads\/2026\/01\/BME004_CA-1536x864.png 1536w, https:\/\/tevipa.com\/blog\/wp-content\/uploads\/2026\/01\/BME004_CA-2048x1152.png 2048w, https:\/\/tevipa.com\/blog\/wp-content\/uploads\/2026\/01\/BME004_CA-1320x743.png 1320w\" sizes=\"auto, (max-width: 1024px) 100vw, 1024px\" \/><\/div><a class=\"wp-block-latest-posts__post-title\" href=\"https:\/\/tevipa.com\/blog\/ca\/el-cos-de-lhome-i-de-la-dona-morfologia-i-proporcions\/\">El cos de l\u2019home i de la dona: morfologia i proporcions<\/a><div class=\"wp-block-latest-posts__post-excerpt\">En aquest article s\u2019aborda quin \u00e9s el cos de refer\u00e8ncia m\u00e9s adequat per a l\u2019estudi t\u00e8cnic del patronatge i per qu\u00e8 tradicionalment es parteix del cos de morfologia masculina. S\u2019introdueixen les principals difer\u00e8ncies morfol\u00f2giques entre home i dona i el seu impacte en les proporcions i en la construcci\u00f3 del patr\u00f3. El contingut es desenvolupa en profunditat al v\u00eddeo incl\u00f2s a la p\u00e0gina.<\/div><\/li>\n<\/ul>\n\n<style>.wp-block-kadence-spacer.kt-block-spacer-1601_d736d7-40 .kt-block-spacer{height:60px;}.wp-block-kadence-spacer.kt-block-spacer-1601_d736d7-40 .kt-divider{border-top-width:1px;height:1px;border-top-color:#eee;width:80%;border-top-style:solid;}<\/style>\n<div class=\"wp-block-kadence-spacer aligncenter kt-block-spacer-1601_d736d7-40\"><div class=\"kt-block-spacer kt-block-spacer-halign-center\"><hr class=\"kt-divider\"\/><\/div><\/div>\n\n\n\n<p class=\"has-text-align-right\"><a href=\"https:\/\/tevipa.com\/blog\/ca\/tots-els-articles\/\">&#8230;tots els articles<\/a><\/p>\n","protected":false},"excerpt":{"rendered":"<p>\u00daltims articles &#8230;tots els articles<\/p>\n","protected":false},"author":1,"featured_media":0,"parent":0,"menu_order":0,"comment_status":"closed","ping_status":"closed","template":"","meta":{"_kad_post_transparent":"","_kad_post_title":"","_kad_post_layout":"","_kad_post_sidebar_id":"","_kad_post_content_style":"","_kad_post_vertical_padding":"","_kad_post_feature":"","_kad_post_feature_position":"","_kad_post_header":false,"_kad_post_footer":false,"_kad_post_classname":"","footnotes":""},"class_list":["post-1601","page","type-page","status-publish","hentry"],"yoast_head":"<!-- This site is optimized with the Yoast SEO plugin v27.3 - https:\/\/yoast.com\/product\/yoast-seo-wordpress\/ -->\n<title>homeCa - Tele Virtual Patronage<\/title>\n<meta name=\"description\" content=\"Descobreix els articles m\u00e9s recents de Tele Virtual Patronage: patronatge, moda i traducci\u00f3 t\u00e8cnica en un sol espai\" \/>\n<meta name=\"robots\" content=\"index, follow, max-snippet:-1, max-image-preview:large, max-video-preview:-1\" \/>\n<link rel=\"canonical\" href=\"https:\/\/tevipa.com\/blog\/ca\/homeca\/\" \/>\n<meta property=\"og:locale\" content=\"it_IT\" \/>\n<meta property=\"og:type\" content=\"article\" \/>\n<meta property=\"og:title\" content=\"homeCa - Tele Virtual Patronage\" \/>\n<meta property=\"og:description\" content=\"Descobreix els articles m\u00e9s recents de Tele Virtual Patronage: patronatge, moda i traducci\u00f3 t\u00e8cnica en un sol espai\" \/>\n<meta property=\"og:url\" content=\"https:\/\/tevipa.com\/blog\/ca\/homeca\/\" \/>\n<meta property=\"og:site_name\" content=\"Tele Virtual Patronage\" \/>\n<meta property=\"article:modified_time\" content=\"2025-10-05T08:18:19+00:00\" \/>\n<meta property=\"og:image\" content=\"https:\/\/tevipa.com\/blog\/wp-content\/uploads\/2025\/07\/cropped-logo512.png\" \/>\n<meta name=\"twitter:card\" content=\"summary_large_image\" \/>\n<meta name=\"twitter:label1\" content=\"Tempo di lettura stimato\" \/>\n\t<meta name=\"twitter:data1\" content=\"1 minuto\" \/>\n<script type=\"application\/ld+json\" class=\"yoast-schema-graph\">{\"@context\":\"https:\\\/\\\/schema.org\",\"@graph\":[{\"@type\":\"WebPage\",\"@id\":\"https:\\\/\\\/tevipa.com\\\/blog\\\/ca\\\/homeca\\\/\",\"url\":\"https:\\\/\\\/tevipa.com\\\/blog\\\/ca\\\/homeca\\\/\",\"name\":\"homeCa - Tele Virtual Patronage\",\"isPartOf\":{\"@id\":\"https:\\\/\\\/tevipa.com\\\/blog\\\/#website\"},\"primaryImageOfPage\":{\"@id\":\"https:\\\/\\\/tevipa.com\\\/blog\\\/ca\\\/homeca\\\/#primaryimage\"},\"image\":{\"@id\":\"https:\\\/\\\/tevipa.com\\\/blog\\\/ca\\\/homeca\\\/#primaryimage\"},\"thumbnailUrl\":\"https:\\\/\\\/tevipa.com\\\/blog\\\/wp-content\\\/uploads\\\/2025\\\/07\\\/cropped-logo512.png\",\"datePublished\":\"2025-09-29T18:00:29+00:00\",\"dateModified\":\"2025-10-05T08:18:19+00:00\",\"description\":\"Descobreix els articles m\u00e9s recents de Tele Virtual Patronage: patronatge, moda i traducci\u00f3 t\u00e8cnica en un sol espai\",\"breadcrumb\":{\"@id\":\"https:\\\/\\\/tevipa.com\\\/blog\\\/ca\\\/homeca\\\/#breadcrumb\"},\"inLanguage\":\"it-IT\",\"potentialAction\":[{\"@type\":\"ReadAction\",\"target\":[\"https:\\\/\\\/tevipa.com\\\/blog\\\/ca\\\/homeca\\\/\"]}]},{\"@type\":\"ImageObject\",\"inLanguage\":\"it-IT\",\"@id\":\"https:\\\/\\\/tevipa.com\\\/blog\\\/ca\\\/homeca\\\/#primaryimage\",\"url\":\"https:\\\/\\\/tevipa.com\\\/blog\\\/wp-content\\\/uploads\\\/2025\\\/07\\\/cropped-logo512.png\",\"contentUrl\":\"https:\\\/\\\/tevipa.com\\\/blog\\\/wp-content\\\/uploads\\\/2025\\\/07\\\/cropped-logo512.png\",\"width\":512,\"height\":512,\"caption\":\"Logo Tele Virtual Patronage\"},{\"@type\":\"BreadcrumbList\",\"@id\":\"https:\\\/\\\/tevipa.com\\\/blog\\\/ca\\\/homeca\\\/#breadcrumb\",\"itemListElement\":[{\"@type\":\"ListItem\",\"position\":1,\"name\":\"Home\",\"item\":\"https:\\\/\\\/tevipa.com\\\/blog\\\/\"},{\"@type\":\"ListItem\",\"position\":2,\"name\":\"homeCa\"}]},{\"@type\":\"WebSite\",\"@id\":\"https:\\\/\\\/tevipa.com\\\/blog\\\/#website\",\"url\":\"https:\\\/\\\/tevipa.com\\\/blog\\\/\",\"name\":\"Tele Virtual Patronage\",\"description\":\"Tevipa\",\"publisher\":{\"@id\":\"https:\\\/\\\/tevipa.com\\\/blog\\\/#organization\"},\"potentialAction\":[{\"@type\":\"SearchAction\",\"target\":{\"@type\":\"EntryPoint\",\"urlTemplate\":\"https:\\\/\\\/tevipa.com\\\/blog\\\/?s={search_term_string}\"},\"query-input\":{\"@type\":\"PropertyValueSpecification\",\"valueRequired\":true,\"valueName\":\"search_term_string\"}}],\"inLanguage\":\"it-IT\"},{\"@type\":\"Organization\",\"@id\":\"https:\\\/\\\/tevipa.com\\\/blog\\\/#organization\",\"name\":\"Tele Virtual Patronage\",\"url\":\"https:\\\/\\\/tevipa.com\\\/blog\\\/\",\"logo\":{\"@type\":\"ImageObject\",\"inLanguage\":\"it-IT\",\"@id\":\"https:\\\/\\\/tevipa.com\\\/blog\\\/#\\\/schema\\\/logo\\\/image\\\/\",\"url\":\"https:\\\/\\\/tevipa.com\\\/blog\\\/wp-content\\\/uploads\\\/2025\\\/07\\\/logo512.png\",\"contentUrl\":\"https:\\\/\\\/tevipa.com\\\/blog\\\/wp-content\\\/uploads\\\/2025\\\/07\\\/logo512.png\",\"width\":512,\"height\":512,\"caption\":\"Tele Virtual Patronage\"},\"image\":{\"@id\":\"https:\\\/\\\/tevipa.com\\\/blog\\\/#\\\/schema\\\/logo\\\/image\\\/\"}}]}<\/script>\n<!-- \/ Yoast SEO plugin. -->","yoast_head_json":{"title":"homeCa - Tele Virtual Patronage","description":"Descobreix els articles m\u00e9s recents de Tele Virtual Patronage: patronatge, moda i traducci\u00f3 t\u00e8cnica en un sol espai","robots":{"index":"index","follow":"follow","max-snippet":"max-snippet:-1","max-image-preview":"max-image-preview:large","max-video-preview":"max-video-preview:-1"},"canonical":"https:\/\/tevipa.com\/blog\/ca\/homeca\/","og_locale":"it_IT","og_type":"article","og_title":"homeCa - Tele Virtual Patronage","og_description":"Descobreix els articles m\u00e9s recents de Tele Virtual Patronage: patronatge, moda i traducci\u00f3 t\u00e8cnica en un sol espai","og_url":"https:\/\/tevipa.com\/blog\/ca\/homeca\/","og_site_name":"Tele Virtual Patronage","article_modified_time":"2025-10-05T08:18:19+00:00","og_image":[{"url":"https:\/\/tevipa.com\/blog\/wp-content\/uploads\/2025\/07\/cropped-logo512.png","type":"","width":"","height":""}],"twitter_card":"summary_large_image","twitter_misc":{"Tempo di lettura stimato":"1 minuto"},"schema":{"@context":"https:\/\/schema.org","@graph":[{"@type":"WebPage","@id":"https:\/\/tevipa.com\/blog\/ca\/homeca\/","url":"https:\/\/tevipa.com\/blog\/ca\/homeca\/","name":"homeCa - Tele Virtual Patronage","isPartOf":{"@id":"https:\/\/tevipa.com\/blog\/#website"},"primaryImageOfPage":{"@id":"https:\/\/tevipa.com\/blog\/ca\/homeca\/#primaryimage"},"image":{"@id":"https:\/\/tevipa.com\/blog\/ca\/homeca\/#primaryimage"},"thumbnailUrl":"https:\/\/tevipa.com\/blog\/wp-content\/uploads\/2025\/07\/cropped-logo512.png","datePublished":"2025-09-29T18:00:29+00:00","dateModified":"2025-10-05T08:18:19+00:00","description":"Descobreix els articles m\u00e9s recents de Tele Virtual Patronage: patronatge, moda i traducci\u00f3 t\u00e8cnica en un sol espai","breadcrumb":{"@id":"https:\/\/tevipa.com\/blog\/ca\/homeca\/#breadcrumb"},"inLanguage":"it-IT","potentialAction":[{"@type":"ReadAction","target":["https:\/\/tevipa.com\/blog\/ca\/homeca\/"]}]},{"@type":"ImageObject","inLanguage":"it-IT","@id":"https:\/\/tevipa.com\/blog\/ca\/homeca\/#primaryimage","url":"https:\/\/tevipa.com\/blog\/wp-content\/uploads\/2025\/07\/cropped-logo512.png","contentUrl":"https:\/\/tevipa.com\/blog\/wp-content\/uploads\/2025\/07\/cropped-logo512.png","width":512,"height":512,"caption":"Logo Tele Virtual Patronage"},{"@type":"BreadcrumbList","@id":"https:\/\/tevipa.com\/blog\/ca\/homeca\/#breadcrumb","itemListElement":[{"@type":"ListItem","position":1,"name":"Home","item":"https:\/\/tevipa.com\/blog\/"},{"@type":"ListItem","position":2,"name":"homeCa"}]},{"@type":"WebSite","@id":"https:\/\/tevipa.com\/blog\/#website","url":"https:\/\/tevipa.com\/blog\/","name":"Tele Virtual Patronage","description":"Tevipa","publisher":{"@id":"https:\/\/tevipa.com\/blog\/#organization"},"potentialAction":[{"@type":"SearchAction","target":{"@type":"EntryPoint","urlTemplate":"https:\/\/tevipa.com\/blog\/?s={search_term_string}"},"query-input":{"@type":"PropertyValueSpecification","valueRequired":true,"valueName":"search_term_string"}}],"inLanguage":"it-IT"},{"@type":"Organization","@id":"https:\/\/tevipa.com\/blog\/#organization","name":"Tele Virtual Patronage","url":"https:\/\/tevipa.com\/blog\/","logo":{"@type":"ImageObject","inLanguage":"it-IT","@id":"https:\/\/tevipa.com\/blog\/#\/schema\/logo\/image\/","url":"https:\/\/tevipa.com\/blog\/wp-content\/uploads\/2025\/07\/logo512.png","contentUrl":"https:\/\/tevipa.com\/blog\/wp-content\/uploads\/2025\/07\/logo512.png","width":512,"height":512,"caption":"Tele Virtual Patronage"},"image":{"@id":"https:\/\/tevipa.com\/blog\/#\/schema\/logo\/image\/"}}]}},"_links":{"self":[{"href":"https:\/\/tevipa.com\/blog\/wp-json\/wp\/v2\/pages\/1601","targetHints":{"allow":["GET"]}}],"collection":[{"href":"https:\/\/tevipa.com\/blog\/wp-json\/wp\/v2\/pages"}],"about":[{"href":"https:\/\/tevipa.com\/blog\/wp-json\/wp\/v2\/types\/page"}],"author":[{"embeddable":true,"href":"https:\/\/tevipa.com\/blog\/wp-json\/wp\/v2\/users\/1"}],"replies":[{"embeddable":true,"href":"https:\/\/tevipa.com\/blog\/wp-json\/wp\/v2\/comments?post=1601"}],"version-history":[{"count":7,"href":"https:\/\/tevipa.com\/blog\/wp-json\/wp\/v2\/pages\/1601\/revisions"}],"predecessor-version":[{"id":2060,"href":"https:\/\/tevipa.com\/blog\/wp-json\/wp\/v2\/pages\/1601\/revisions\/2060"}],"wp:attachment":[{"href":"https:\/\/tevipa.com\/blog\/wp-json\/wp\/v2\/media?parent=1601"}],"curies":[{"name":"wp","href":"https:\/\/api.w.org\/{rel}","templated":true}]}}